{"id":18,"date":"2023-12-25T22:05:07","date_gmt":"2023-12-25T22:05:07","guid":{"rendered":"https:\/\/www.ayudaenred.es\/?page_id=18"},"modified":"2023-12-26T11:28:31","modified_gmt":"2023-12-26T11:28:31","slug":"navidad-ningun-nino-sin-reyes-magos","status":"publish","type":"page","link":"https:\/\/www.ayudaenred.es\/?page_id=18","title":{"rendered":"Navidad &#8211; Ning\u00fan ni\u00f1o sin Reyes Magos"},"content":{"rendered":"\n<figure class=\"wp-block-image aligncenter size-full\"><img loading=\"lazy\" decoding=\"async\" width=\"323\" height=\"78\" src=\"https:\/\/www.ayudaenred.es\/wp-content\/uploads\/2023\/12\/image-8.png\" alt=\"\" class=\"wp-image-125\" srcset=\"https:\/\/www.ayudaenred.es\/wp-content\/uploads\/2023\/12\/image-8.png 323w, https:\/\/www.ayudaenred.es\/wp-content\/uploads\/2023\/12\/image-8-300x72.png 300w\" sizes=\"auto, (max-width: 323px) 100vw, 323px\" \/><\/figure>\n\n\n\n<p>Una de las acciones principales con las que empezamos nuestro trabajo asistencial fue la puesta en marcha de la campa\u00f1a <strong>\u201c<em>Ning\u00fan ni\u00f1o sin Reyes Magos\u201d <\/em><\/strong>en la que apadrinamos cartas de Reyes Magos de ni\u00f1os del asentamiento de chabolas de Ca\u00f1ada Real, de residenciales de C\u00e1ritas y de centros de acogida.<\/p>\n\n\n\n<p>Actualmente la campa\u00f1a logra preparar regalos para 2.000 ni\u00f1os y para la siguiente campa\u00f1a tenemos previsto llegar a m\u00e1s de 2.500 cartas, pues varias instituciones nuevas nos han pedido ya colaboraci\u00f3n para las Navidades del 2023-2024.<\/p>\n\n\n\n<div class=\"wp-block-columns is-layout-flex wp-container-core-columns-is-layout-28f84493 wp-block-columns-is-layout-flex\">\n<div class=\"wp-block-column is-layout-flow wp-block-column-is-layout-flow\">\n<figure class=\"wp-block-image size-large\"><img loading=\"lazy\" decoding=\"async\" width=\"1024\" height=\"576\" src=\"http:\/\/www.ayudaenred.es\/wp-content\/uploads\/2023\/12\/20220104_105341-1024x576.jpg\" alt=\"\" class=\"wp-image-141\" srcset=\"https:\/\/www.ayudaenred.es\/wp-content\/uploads\/2023\/12\/20220104_105341-1024x576.jpg 1024w, https:\/\/www.ayudaenred.es\/wp-content\/uploads\/2023\/12\/20220104_105341-300x169.jpg 300w, https:\/\/www.ayudaenred.es\/wp-content\/uploads\/2023\/12\/20220104_105341-768x432.jpg 768w, https:\/\/www.ayudaenred.es\/wp-content\/uploads\/2023\/12\/20220104_105341-1536x864.jpg 1536w, https:\/\/www.ayudaenred.es\/wp-content\/uploads\/2023\/12\/20220104_105341-2048x1152.jpg 2048w\" sizes=\"auto, (max-width: 1024px) 100vw, 1024px\" \/><\/figure>\n<\/div>\n\n\n\n<div class=\"wp-block-column is-layout-flow wp-block-column-is-layout-flow\">\n<figure class=\"wp-block-image size-full\"><img loading=\"lazy\" decoding=\"async\" width=\"408\" height=\"233\" src=\"http:\/\/www.ayudaenred.es\/wp-content\/uploads\/2023\/12\/image-9.png\" alt=\"\" class=\"wp-image-127\" srcset=\"https:\/\/www.ayudaenred.es\/wp-content\/uploads\/2023\/12\/image-9.png 408w, https:\/\/www.ayudaenred.es\/wp-content\/uploads\/2023\/12\/image-9-300x171.png 300w\" sizes=\"auto, (max-width: 408px) 100vw, 408px\" \/><\/figure>\n<\/div>\n\n\n\n<div class=\"wp-block-column is-layout-flow wp-block-column-is-layout-flow\">\n<figure class=\"wp-block-image size-large is-resized\"><img loading=\"lazy\" decoding=\"async\" width=\"1024\" height=\"765\" src=\"http:\/\/www.ayudaenred.es\/wp-content\/uploads\/2023\/12\/IMG-20211229-WA0033-1024x765.jpg\" alt=\"\" class=\"wp-image-144\" style=\"width:209px;height:auto\" srcset=\"https:\/\/www.ayudaenred.es\/wp-content\/uploads\/2023\/12\/IMG-20211229-WA0033-1024x765.jpg 1024w, https:\/\/www.ayudaenred.es\/wp-content\/uploads\/2023\/12\/IMG-20211229-WA0033-300x224.jpg 300w, https:\/\/www.ayudaenred.es\/wp-content\/uploads\/2023\/12\/IMG-20211229-WA0033-768x574.jpg 768w, https:\/\/www.ayudaenred.es\/wp-content\/uploads\/2023\/12\/IMG-20211229-WA0033-1536x1148.jpg 1536w, https:\/\/www.ayudaenred.es\/wp-content\/uploads\/2023\/12\/IMG-20211229-WA0033.jpg 1600w\" sizes=\"auto, (max-width: 1024px) 100vw, 1024px\" \/><\/figure>\n<\/div>\n<\/div>\n\n\n\n<p>En esta acci\u00f3n, trabajadores de empresas, de organismos p\u00fablicos y particulares apadrinan de forma voluntaria una carta de Reyes Magos de estos ni\u00f1os y compran el regalo principal. Esto garantiza un alto nivel de <strong>acierto y personalizaci\u00f3n,<\/strong> posteriormente se hace una segunda fase de voluntariado familiar, donde completan el lote con otros regalos, material escolar, libros de lectura, ropa o necesidades especiales cuando estos son beb\u00e9s. Tambi\u00e9n se envuelven los regalos, los preparan y decoran para la entrega y se los hacen llegar a las familias o instituciones que trabajan con ellos para que particularmente cada familia o en fiestas de reyes se entreguen a los ni\u00f1os la noche de Reyes.<\/p>\n\n\n\n<p>Siempre se busca fortalecer, con el modo de dar los regalos, <strong>el v\u00ednculo m\u00e1s cercano al ni\u00f1o<\/strong>, por eso esta entrega se hace por parte de la familia o de la instituci\u00f3n que trabajo con \u00e9l durante el a\u00f1o, en caso de que sea posible. En algunos colectivos de especial dificultad se hacen entregas colectivas o incluso cabalgatas, como es el caso de algunas asociaciones de Ca\u00f1ada Real.<\/p>\n","protected":false},"excerpt":{"rendered":"<p>Una de las acciones principales con las que empezamos nuestro<\/p>\n","protected":false},"author":1,"featured_media":0,"parent":0,"menu_order":0,"comment_status":"closed","ping_status":"closed","template":"","meta":{"footnotes":""},"class_list":["post-18","page","type-page","status-publish","hentry"],"_links":{"self":[{"href":"https:\/\/www.ayudaenred.es\/index.php?rest_route=\/wp\/v2\/pages\/18","targetHints":{"allow":["GET"]}}],"collection":[{"href":"https:\/\/www.ayudaenred.es\/index.php?rest_route=\/wp\/v2\/pages"}],"about":[{"href":"https:\/\/www.ayudaenred.es\/index.php?rest_route=\/wp\/v2\/types\/page"}],"author":[{"embeddable":true,"href":"https:\/\/www.ayudaenred.es\/index.php?rest_route=\/wp\/v2\/users\/1"}],"replies":[{"embeddable":true,"href":"https:\/\/www.ayudaenred.es\/index.php?rest_route=%2Fwp%2Fv2%2Fcomments&post=18"}],"version-history":[{"count":3,"href":"https:\/\/www.ayudaenred.es\/index.php?rest_route=\/wp\/v2\/pages\/18\/revisions"}],"predecessor-version":[{"id":201,"href":"https:\/\/www.ayudaenred.es\/index.php?rest_route=\/wp\/v2\/pages\/18\/revisions\/201"}],"wp:attachment":[{"href":"https:\/\/www.ayudaenred.es\/index.php?rest_route=%2Fwp%2Fv2%2Fmedia&parent=18"}],"curies":[{"name":"wp","href":"https:\/\/api.w.org\/{rel}","templated":true}]}}