{"id":17,"date":"2023-12-25T22:05:07","date_gmt":"2023-12-25T22:05:07","guid":{"rendered":"https:\/\/www.ayudaenred.es\/?page_id=17"},"modified":"2023-12-26T11:26:39","modified_gmt":"2023-12-26T11:26:39","slug":"navidad-cenamos-juntos","status":"publish","type":"page","link":"https:\/\/www.ayudaenred.es\/?page_id=17","title":{"rendered":"\u00abEn Navidad Cenamos Juntos\u00bb"},"content":{"rendered":"\n<figure class=\"wp-block-image aligncenter size-full\"><img loading=\"lazy\" decoding=\"async\" width=\"521\" height=\"113\" src=\"https:\/\/www.ayudaenred.es\/wp-content\/uploads\/2023\/12\/image.png\" alt=\"\" class=\"wp-image-104\" srcset=\"https:\/\/www.ayudaenred.es\/wp-content\/uploads\/2023\/12\/image.png 521w, https:\/\/www.ayudaenred.es\/wp-content\/uploads\/2023\/12\/image-300x65.png 300w\" sizes=\"auto, (max-width: 521px) 100vw, 521px\" \/><\/figure>\n\n\n\n<p>Otra acci\u00f3n que pusimos en marcha, por demanda directa de las instituciones que tratan con los colectivos m\u00e1s vulnerables, fue la organizaci\u00f3n del proyecto \u201c<strong>En Navidad Cenamos Juntos<\/strong>\u201d<\/p>\n\n\n\n<p>En Madrid se organizan en Navidad varias comidas y cenas para estos colectivos, pero son generales para varias instituciones y de muchos comensales, teni\u00e9ndose que trasladar para disfrutar de ellas a grandes locales lejanos a su entorno habitual. Nos planteamos organizar comidas y cenas adecuadas para cada colectivo, en su lugar habitual de reuni\u00f3n, pero con todas las caracter\u00edsticas y cuidados que una cena de Navidad requiere.<\/p>\n\n\n\n<div class=\"wp-block-columns is-layout-flex wp-container-core-columns-is-layout-28f84493 wp-block-columns-is-layout-flex\">\n<div class=\"wp-block-column is-layout-flow wp-block-column-is-layout-flow\">\n<figure class=\"wp-block-image size-large\"><img loading=\"lazy\" decoding=\"async\" width=\"1024\" height=\"576\" src=\"http:\/\/www.ayudaenred.es\/wp-content\/uploads\/2023\/12\/WhatsApp-Image-2023-12-13-at-20.09.32-1024x576.jpeg\" alt=\"\" class=\"wp-image-145\" srcset=\"https:\/\/www.ayudaenred.es\/wp-content\/uploads\/2023\/12\/WhatsApp-Image-2023-12-13-at-20.09.32-1024x576.jpeg 1024w, https:\/\/www.ayudaenred.es\/wp-content\/uploads\/2023\/12\/WhatsApp-Image-2023-12-13-at-20.09.32-300x169.jpeg 300w, https:\/\/www.ayudaenred.es\/wp-content\/uploads\/2023\/12\/WhatsApp-Image-2023-12-13-at-20.09.32-768x432.jpeg 768w, https:\/\/www.ayudaenred.es\/wp-content\/uploads\/2023\/12\/WhatsApp-Image-2023-12-13-at-20.09.32-1536x864.jpeg 1536w, https:\/\/www.ayudaenred.es\/wp-content\/uploads\/2023\/12\/WhatsApp-Image-2023-12-13-at-20.09.32.jpeg 1600w\" sizes=\"auto, (max-width: 1024px) 100vw, 1024px\" \/><\/figure>\n<\/div>\n\n\n\n<div class=\"wp-block-column is-layout-flow wp-block-column-is-layout-flow\">\n<figure class=\"wp-block-image size-large\"><img loading=\"lazy\" decoding=\"async\" width=\"1024\" height=\"576\" src=\"http:\/\/www.ayudaenred.es\/wp-content\/uploads\/2023\/12\/IMG-20211219-WA0026-1024x576.jpg\" alt=\"\" class=\"wp-image-143\" srcset=\"https:\/\/www.ayudaenred.es\/wp-content\/uploads\/2023\/12\/IMG-20211219-WA0026-1024x576.jpg 1024w, https:\/\/www.ayudaenred.es\/wp-content\/uploads\/2023\/12\/IMG-20211219-WA0026-300x169.jpg 300w, https:\/\/www.ayudaenred.es\/wp-content\/uploads\/2023\/12\/IMG-20211219-WA0026-768x432.jpg 768w, https:\/\/www.ayudaenred.es\/wp-content\/uploads\/2023\/12\/IMG-20211219-WA0026-1536x864.jpg 1536w, https:\/\/www.ayudaenred.es\/wp-content\/uploads\/2023\/12\/IMG-20211219-WA0026.jpg 2048w\" sizes=\"auto, (max-width: 1024px) 100vw, 1024px\" \/><\/figure>\n<\/div>\n\n\n\n<div class=\"wp-block-column is-layout-flow wp-block-column-is-layout-flow\">\n<figure class=\"wp-block-image size-large\"><img loading=\"lazy\" decoding=\"async\" width=\"1024\" height=\"576\" src=\"http:\/\/www.ayudaenred.es\/wp-content\/uploads\/2023\/12\/WhatsApp-Image-2023-12-16-at-14.08.05-1024x576.jpeg\" alt=\"\" class=\"wp-image-146\" srcset=\"https:\/\/www.ayudaenred.es\/wp-content\/uploads\/2023\/12\/WhatsApp-Image-2023-12-16-at-14.08.05-1024x576.jpeg 1024w, https:\/\/www.ayudaenred.es\/wp-content\/uploads\/2023\/12\/WhatsApp-Image-2023-12-16-at-14.08.05-300x169.jpeg 300w, https:\/\/www.ayudaenred.es\/wp-content\/uploads\/2023\/12\/WhatsApp-Image-2023-12-16-at-14.08.05-768x432.jpeg 768w, https:\/\/www.ayudaenred.es\/wp-content\/uploads\/2023\/12\/WhatsApp-Image-2023-12-16-at-14.08.05-1536x864.jpeg 1536w, https:\/\/www.ayudaenred.es\/wp-content\/uploads\/2023\/12\/WhatsApp-Image-2023-12-16-at-14.08.05.jpeg 2048w\" sizes=\"auto, (max-width: 1024px) 100vw, 1024px\" \/><\/figure>\n<\/div>\n<\/div>\n\n\n\n<p>Actualmente el proyecto organiza 26 cenas distintas para dar servicio as\u00ed a 27 instituciones distintas:<\/p>\n\n\n\n<ul class=\"wp-block-list\">\n<li>Residenciales de familias<\/li>\n\n\n\n<li>Centros de Acogida<\/li>\n\n\n\n<li>Comedores p\u00fablicos y privados<\/li>\n\n\n\n<li>Asentamiento de Ca\u00f1ada Real<\/li>\n\n\n\n<li>Instituciones de victimas de trata de personas<\/li>\n\n\n\n<li>Centros de ayuda a drogodependientes<\/li>\n\n\n\n<li>Centros de atenci\u00f3n a personas sin hogar con enfermedad mental<\/li>\n\n\n\n<li>Grupos de C\u00e1ritas<\/li>\n<\/ul>\n\n\n\n<figure class=\"wp-block-image aligncenter size-full\"><img loading=\"lazy\" decoding=\"async\" width=\"454\" height=\"312\" src=\"https:\/\/www.ayudaenred.es\/wp-content\/uploads\/2023\/12\/image-1.png\" alt=\"\" class=\"wp-image-106\" srcset=\"https:\/\/www.ayudaenred.es\/wp-content\/uploads\/2023\/12\/image-1.png 454w, https:\/\/www.ayudaenred.es\/wp-content\/uploads\/2023\/12\/image-1-300x206.png 300w\" sizes=\"auto, (max-width: 454px) 100vw, 454px\" \/><\/figure>\n\n\n\n<p>Las cenas se organizan habitualmente en su sede, siendo de 20 personas la m\u00e1s peque\u00f1a y de 230 la m\u00e1s grande. El n\u00famero total de comensales es de 3.100 colaborando para ello m\u00e1s de 750 voluntarios, siendo la media de voluntarios por cena de 28 personas para 110 comensales.<\/p>\n\n\n\n<p><\/p>\n","protected":false},"excerpt":{"rendered":"<p>Otra acci\u00f3n que pusimos en marcha, por demanda directa de<\/p>\n","protected":false},"author":1,"featured_media":0,"parent":0,"menu_order":0,"comment_status":"closed","ping_status":"closed","template":"","meta":{"footnotes":""},"class_list":["post-17","page","type-page","status-publish","hentry"],"_links":{"self":[{"href":"https:\/\/www.ayudaenred.es\/index.php?rest_route=\/wp\/v2\/pages\/17","targetHints":{"allow":["GET"]}}],"collection":[{"href":"https:\/\/www.ayudaenred.es\/index.php?rest_route=\/wp\/v2\/pages"}],"about":[{"href":"https:\/\/www.ayudaenred.es\/index.php?rest_route=\/wp\/v2\/types\/page"}],"author":[{"embeddable":true,"href":"https:\/\/www.ayudaenred.es\/index.php?rest_route=\/wp\/v2\/users\/1"}],"replies":[{"embeddable":true,"href":"https:\/\/www.ayudaenred.es\/index.php?rest_route=%2Fwp%2Fv2%2Fcomments&post=17"}],"version-history":[{"count":5,"href":"https:\/\/www.ayudaenred.es\/index.php?rest_route=\/wp\/v2\/pages\/17\/revisions"}],"predecessor-version":[{"id":199,"href":"https:\/\/www.ayudaenred.es\/index.php?rest_route=\/wp\/v2\/pages\/17\/revisions\/199"}],"wp:attachment":[{"href":"https:\/\/www.ayudaenred.es\/index.php?rest_route=%2Fwp%2Fv2%2Fmedia&parent=17"}],"curies":[{"name":"wp","href":"https:\/\/api.w.org\/{rel}","templated":true}]}}